{"id":4103,"date":"2025-06-06T11:49:16","date_gmt":"2025-06-06T09:49:16","guid":{"rendered":"https:\/\/www.ddi.tf.fau.de\/?page_id=4103"},"modified":"2025-06-06T11:49:16","modified_gmt":"2025-06-06T09:49:16","slug":"mueller-unterweger","status":"publish","type":"page","link":"https:\/\/www.ddi.tf.fau.de\/en\/personen\/staff\/mueller-unterweger\/","title":{"rendered":"StRin Michaela M\u00fcller-Unterweger"},"content":{"rendered":"<p>[person id=&#8221;3294&#8243; format=&#8221;page&#8221; show=&#8221;raum&#8221;]<\/p>\n<h2>Lectures<\/h2>\n\n\n    <div class=\"rrze-lectures\">\n        \n            <div class=\"rrze-elements accordion style_default\" id=\"accordion-0\">\n<div class=\"accordion-group\">\n<h2 class=\"accordion-heading\"><button class=\"accordion-toggle\" data-toggle=\"collapse\"  href=\"#collapse_0\" aria-expanded=\"false\" aria-controls=\"collapse_0\" id=\"collapse_button_0\"> Vorlesung mit \u00dcbung <\/button><\/h2>\n<div id=\"collapse_0\" class=\"accordion-body\" aria-labelledby=\"collapse_button_0\">\n<div class=\"accordion-inner clearfix\">\n<ul>\n<li><a href=\"https:\/\/www.campo.fau.de:443\/qisserver\/pages\/startFlow.xhtml?_flowId=detailView-flow&unitId=112002&periodId=589&navigationPosition=studiesOffered,searchCourses\" target=\"rrze-campo\" class=\"rrze-lectures-linklist\">Grundlagen des Maschinellen Lernens und der K\u00fcnstlichen Intelligenz<\/a><\/li>\n<\/ul>\n<\/div>\n<\/div>\n<\/div><\/div>\n\n    \n    <\/div>\n\n\n<h2>Publications<\/h2>\n<div class=\"cris\" lang=\"en\"><h3>2025<\/h3><ul class=\"cris-publications \"  ><li>Lindner, A., M&#252;ller-Unterweger, M., &amp; Berges, M. (2025). <a href=\"https:\/\/cris.fau.de\/publications\/351914561\" target=\"_blank\">Demystifying AI. An open educational resource collection of unplugged AI teaching activities<\/a>. <i>Hello World<\/i>, <i>28<\/i>, 70-73.<span aria-hidden class=\"oa-icon\" title=\"Open-Access-Publikation\"><\/span><br \/>BibTeX: <a href=\"https:\/\/cris.fau.de\/bibtex\/publication\/351914561.bib\">Download<\/a><\/li><li>M&#252;ller-Unterweger, M., Lindner, A., &amp; Berges, M. (2025). <i><a href=\"https:\/\/cris.fau.de\/publications\/347157620\" target=\"_blank\">KI in der Kiste: Unterrichtsaktivit&#228;ten zum Thema K&#252;nstliche Intelligenz<\/a>.<\/i> Poster presentation at Workshop KI und Bildung 2024, Bamberg, DE.<span aria-hidden class=\"oa-icon\" title=\"Open-Access-Publikation\"><\/span><br \/>DOI: <a href='https:\/\/doi.org\/10.20378\/irb-108302' target='blank' itemprop=\"url\">10.20378\/irb-108302<\/a><br \/>BibTeX: <a href=\"https:\/\/cris.fau.de\/bibtex\/publication\/347157620.bib\">Download<\/a><\/li><li>M&#252;ller-Unterweger, M., Lindner, A., L&#246;ffler, P., &amp; Berges, M. (2025). <a href=\"https:\/\/cris.fau.de\/publications\/351221706\" target=\"_blank\">Das Wollperzeptron&#8211;Eine Unplugged Aktivit&#228;t zum Maschinellen Lernen<\/a>. <i>Informatische Bildung in Schulen<\/i>, <i>3<\/i>(2), 35-41. <a href=\"https:\/\/doi.org\/10.18420\/ibis-03-02-07\" target=\"_blank\">https:\/\/doi.org\/10.18420\/ibis-03-02-07<\/a><span aria-hidden class=\"oa-icon\" title=\"Open-Access-Publikation\"><\/span><br \/>DOI: <a href='https:\/\/doi.org\/10.18420\/ibis-03-02-07' target='blank' itemprop=\"url\">10.18420\/ibis-03-02-07<\/a><br \/>BibTeX: <a href=\"https:\/\/cris.fau.de\/bibtex\/publication\/351221706.bib\">Download<\/a><\/li><\/ul><h3>2024<\/h3><ul class=\"cris-publications \"  ><li>M&#252;ller-Unterweger, M., &amp; Berges, M. (2024, September). <i><a href=\"https:\/\/cris.fau.de\/publications\/330121098\" target=\"_blank\">Introduction to Programming using Ozobots in an Economics Major CS-Class<\/a>.<\/i> Poster presentation at 19th WiPSCE Conference in Primary and Secondary Computing Education Research, WiPSCE 2024, Munich, DE.<br \/>DOI: <a href='https:\/\/doi.org\/10.1145\/3677619.3678136' target='blank' itemprop=\"url\">10.1145\/3677619.3678136<\/a><br \/>BibTeX: <a href=\"https:\/\/cris.fau.de\/bibtex\/publication\/330121098.bib\">Download<\/a><\/li><\/ul><h3>2023<\/h3><ul class=\"cris-publications \"  ><li>Lindner, A., M&#252;ller-Unterweger, M., Berges, M., &amp; R&#246;sch, M. (2023). <a href=\"https:\/\/cris.fau.de\/publications\/308193215\" target=\"_blank\">KI in der Kiste: Unterrichtsaktivit&#228;ten aus einem Lernlabor zum Thema K&#252;nstliche Intelligenz<\/a>. <i>Informatische Bildung in Schulen<\/i>, <i>1<\/i>(1). <a href=\"https:\/\/doi.org\/10.18420\/ibis-01-01-03\" target=\"_blank\">https:\/\/doi.org\/10.18420\/ibis-01-01-03<\/a><span aria-hidden class=\"oa-icon\" title=\"Open-Access-Publikation\"><\/span><br \/>DOI: <a href='https:\/\/doi.org\/10.18420\/ibis-01-01-03' target='blank' itemprop=\"url\">10.18420\/ibis-01-01-03<\/a><br \/>BibTeX: <a href=\"https:\/\/cris.fau.de\/bibtex\/publication\/308193215.bib\">Download<\/a><\/li><li>Lindner, A., M&#252;ller-Unterweger, M., L&#246;ffler, P., Lohr, D., &amp; Berges, M. (2023). <a href=\"https:\/\/cris.fau.de\/publications\/299709815\" target=\"_blank\">Von Autonomem Fahren bis Zahnarzt - Vorstellungen von Sch&#252;ler:innen zu K&#252;nstlicher Intelligenz und ihre Integration in den Informatikunterricht<\/a>. In Lutz Hellmig, Martin Hennecke (Hrg.), <i>Informatikunterricht zwischen Aktualit&#228;t und Zeitlosigkeit<\/i> (S. 93-102). W&#252;rzburg, DE: Bonn: Gesellschaft f&#252;r Informatik.<span aria-hidden class=\"oa-icon\" title=\"Open-Access-Publikation\"><\/span><br \/>DOI: <a href='https:\/\/doi.org\/10.18420\/infos2023-007' target='blank' itemprop=\"url\">10.18420\/infos2023-007<\/a><br \/>BibTeX: <a href=\"https:\/\/cris.fau.de\/bibtex\/publication\/299709815.bib\">Download<\/a><\/li><\/ul><\/div>\n<h2>Projects<\/h2>\n<div class=\"rrze-elements accordion style_default\" id=\"accordion-1\">\n<div class=\"accordion-group\">\n<h2 class=\"accordion-heading\"><button class=\"accordion-toggle\" data-toggle=\"collapse\"  href=\"#collapse_1\" aria-expanded=\"false\" aria-controls=\"collapse_1\" id=\"collapse_button_1\"> KIKi: KI in der Kiste <\/button><\/h2>\n<div id=\"collapse_1\" class=\"accordion-body\" aria-labelledby=\"collapse_button_1\">\n<div class=\"accordion-inner clearfix\"><strong>Term: <\/strong>since 1. Oktober 2024<br \/><strong>Project leader: <\/strong><span class=\"author\" itemprop=\"author\"><a href=\"\/person\/berges\">Marc Berges<\/a><\/span><\/p>\n<div class=\"person-card\">\n<div class=\"faudir\">\n<div class=\"format-card\">\n<section class=\"format-card-container\" aria-labelledby=\"section-title-96576092-1491\" itemscope itemtype=\"https:\/\/schema.org\/Person\">\n<div class=\"profile-image-section\">\n                        <a href=\"https:\/\/www.ddi.tf.fau.de\/faudir\/prof-dr-marc-berges\/\"><\/p>\n<figure itemprop=\"image\" itemscope itemtype=\"http:\/\/schema.org\/ImageObject\"><img loading=\"lazy\" decoding=\"async\" src=\"https:\/\/www.ddi.tf.fau.de\/files\/2021\/03\/profil-hochkant-4.jpg\" alt=\"Bild von Professor Doktor Berges\" srcset=\"https:\/\/www.ddi.tf.fau.de\/files\/2021\/03\/profil-hochkant-4.jpg 1333w, https:\/\/www.ddi.tf.fau.de\/files\/2021\/03\/profil-hochkant-4-200x300.jpg 200w, https:\/\/www.ddi.tf.fau.de\/files\/2021\/03\/profil-hochkant-4-682x1024.jpg 682w, https:\/\/www.ddi.tf.fau.de\/files\/2021\/03\/profil-hochkant-4-768x1152.jpg 768w, https:\/\/www.ddi.tf.fau.de\/files\/2021\/03\/profil-hochkant-4-1024x1536.jpg 1024w, https:\/\/www.ddi.tf.fau.de\/files\/2021\/03\/profil-hochkant-4-160x240.jpg 160w, https:\/\/www.ddi.tf.fau.de\/files\/2021\/03\/profil-hochkant-4-213x320.jpg 213w, https:\/\/www.ddi.tf.fau.de\/files\/2021\/03\/profil-hochkant-4-313x470.jpg 313w\" itemprop=\"contentUrl\"><meta itemprop=\"width\" content=\"1333\"><meta itemprop=\"height\" content=\"2000\"><meta itemprop=\"copyrightNotice\" content=\"ver\u00f6ffentlichung nur mit genehmigung und gegen honorar und beleg\"><meta itemprop=\"name\" content=\"prof dr marc berges\"><meta itemprop=\"creditText\" content=\"georg p\u00f6hlein hartmannstra\u00dfe 1\"><meta itemprop=\"dateCreated\" content=\"2020-09-24T09:29:35+00:00\"><\/figure>\n<p><\/a>                    <\/div>\n<header class=\"profile-header\">\n<h1 id=\"section-title-96576092-1491\"><a itemprop=\"url\" href=\"https:\/\/www.ddi.tf.fau.de\/faudir\/prof-dr-marc-berges\/\"><span class=\"displayname\" itemprop=\"name\"><abbr title=\"Professor Doktor\" itemprop=\"honorificPrefix\">Prof. Dr.<\/abbr> <span class=\"namepart\"><span itemprop=\"givenName\">Marc-Pascal<\/span> <span itemprop=\"familyName\">Berges<\/span><\/span><\/span><\/a><\/h1>\n<p class=\"jobtitle\">Professorinnen und Professoren<\/p>\n<\/header>\n<div class=\"profile-details\">\n<div class=\"profile-contact icon icon-list\">\n<h2 class=\"screen-reader-text\">Kontakt<\/h2>\n<ul class=\"list-icons\">\n<li class=\"email listcontent\"><span class=\"value\"><span class=\"screen-reader-text\">E-Mail: <\/span><a itemprop=\"email\" href=\"mailto:marc.berges@fau.de\">marc.berges@fau.de<\/a><\/span><\/li>\n<li class=\"phone listcontent\"><span class=\"value\"><span class=\"screen-reader-text\">Telefon: <\/span><a itemprop=\"telephone\" href=\"tel:+4991318527922\">+49 9131 85-27922<\/a><\/span><\/li>\n<\/ul>\n<\/div>\n<\/div>\n<\/section>\n<\/div>\n<\/div>\n<\/div>\n<p class=\"abstract\">\n<p>KI wird \nunsere Wirtschaft, aber auch Gesellschaft, Politik, und alle \nLebensbereiche des Menschen in den n\u00e4chsten Jahrzehnten entscheidend \npr\u00e4gen und ver\u00e4ndern. Schon heute beeinflusst KI unseren Alltag, von \nSprachassistenten \u00fcber k\u00fcnstliche Prothesen bis zu \nKreditvergabe-Kriterien. Im Gegensatz dazu steht der geringe \nWissensstand in der Gesellschaft, aber auch an Schulen und Hochschulen. \nMeist dominieren polarisierende Sichtweisen zwischen \n\u201eWeltuntergangsszenario\u201c und \u201eAllheilmittel\u201c f\u00fcr alle Probleme der \nMenschheit. Dies wird zunehmend zum Problem, da der Umgang mit KI immer \ndr\u00e4ngender politische und ethische Entscheidungen erfordert und \nentsprechende Sachkenntnis voraussetzt.<\/p>\n<p>Das Schulmuseum N\u00fcrnberg \nist bekannt f\u00fcr die Entwicklung von Lernlaboren (v.a. Mathelier und \nMatheland). Gemeinsam mit der Professur f\u00fcr Didaktik der Informatik \n(Prof. Dr. Marc Berges) und dem Lehrstuhl f\u00fcr Informatik 3 \n(Rechnerarchitektur, Prof. Dr.-Ing. Dietmar Fey) der FAU wurde seit \nOktober 2020 ein neuartiges Lernarrangement entwickelt, gebaut und \nbeforscht: ein Lernlabor zum Thema K\u00fcnstliche Intelligenz.<\/p>\n<p>Durch\n das Lernlabor, das kostenfrei an Schulen und Ausbildungseinrichtungen \nin der Metropolregion N\u00fcrnberg verliehen wird, soll in besonders \nintensiver und nachhaltiger Form Wissen \u00fcber KI an Sch\u00fcler*innen \nvermittelt werden.<\/p>\n<p>Zielgruppen sind die 7. bis 12. Jahrgangsstufen von Mittelschulen, Realschulen und Gymnasien sowie Berufsschulen. Das \nProjekt bietet zugleich die M\u00f6glichkeit, mit gro\u00dfer Reichweite \n(Metropolregion) f\u00fcr die FAU und insbesondere f\u00fcr die entsprechenden \nStudieng\u00e4nge\u00a0 zu werben \u2013 nicht zuletzt mit Blick auf den dr\u00e4ngenden \nFachkr\u00e4ftemangel und den beschleunigten technologischen Fortschritt.<\/p>\n<\/p>\n<p>&#8594; <a href=\"https:\/\/cris.fau.de\/projects\/359226841?lang=de_DE\">More information<\/a> <\/p>\n<\/div>\n<\/div>\n<\/div>\n<div class=\"accordion-group\">\n<h2 class=\"accordion-heading\"><button class=\"accordion-toggle\" data-toggle=\"collapse\"  href=\"#collapse_2\" aria-expanded=\"false\" aria-controls=\"collapse_2\" id=\"collapse_button_2\"> KIKi: KI in der Kiste <\/button><\/h2>\n<div id=\"collapse_2\" class=\"accordion-body\" aria-labelledby=\"collapse_button_2\">\n<div class=\"accordion-inner clearfix\"><strong>Term: <\/strong>1. Oktober 2020 - 30. September 2024<br \/><strong>Funding source: <\/strong>andere F\u00f6rderorganisation<br \/><strong>Project leader: <\/strong><span class=\"author\" itemprop=\"author\"><a href=\"\/person\/berges\">Marc Berges<\/a><\/span>, <span class=\"author\" itemprop=\"author\">Mathias R\u00f6sch<\/span><\/p>\n<div class=\"person-card\">\n<div class=\"faudir\">\n<div class=\"format-card\">\n<section class=\"format-card-container\" aria-labelledby=\"section-title-96576092-1491\" itemscope itemtype=\"https:\/\/schema.org\/Person\">\n<div class=\"profile-image-section\">\n                        <a href=\"https:\/\/www.ddi.tf.fau.de\/faudir\/prof-dr-marc-berges\/\"><\/p>\n<figure itemprop=\"image\" itemscope itemtype=\"http:\/\/schema.org\/ImageObject\"><img loading=\"lazy\" decoding=\"async\" src=\"https:\/\/www.ddi.tf.fau.de\/files\/2021\/03\/profil-hochkant-4.jpg\" alt=\"Bild von Professor Doktor Berges\" srcset=\"https:\/\/www.ddi.tf.fau.de\/files\/2021\/03\/profil-hochkant-4.jpg 1333w, https:\/\/www.ddi.tf.fau.de\/files\/2021\/03\/profil-hochkant-4-200x300.jpg 200w, https:\/\/www.ddi.tf.fau.de\/files\/2021\/03\/profil-hochkant-4-682x1024.jpg 682w, https:\/\/www.ddi.tf.fau.de\/files\/2021\/03\/profil-hochkant-4-768x1152.jpg 768w, https:\/\/www.ddi.tf.fau.de\/files\/2021\/03\/profil-hochkant-4-1024x1536.jpg 1024w, https:\/\/www.ddi.tf.fau.de\/files\/2021\/03\/profil-hochkant-4-160x240.jpg 160w, https:\/\/www.ddi.tf.fau.de\/files\/2021\/03\/profil-hochkant-4-213x320.jpg 213w, https:\/\/www.ddi.tf.fau.de\/files\/2021\/03\/profil-hochkant-4-313x470.jpg 313w\" itemprop=\"contentUrl\"><meta itemprop=\"width\" content=\"1333\"><meta itemprop=\"height\" content=\"2000\"><meta itemprop=\"copyrightNotice\" content=\"ver\u00f6ffentlichung nur mit genehmigung und gegen honorar und beleg\"><meta itemprop=\"name\" content=\"prof dr marc berges\"><meta itemprop=\"creditText\" content=\"georg p\u00f6hlein hartmannstra\u00dfe 1\"><meta itemprop=\"dateCreated\" content=\"2020-09-24T09:29:35+00:00\"><\/figure>\n<p><\/a>                    <\/div>\n<header class=\"profile-header\">\n<h1 id=\"section-title-96576092-1491\"><a itemprop=\"url\" href=\"https:\/\/www.ddi.tf.fau.de\/faudir\/prof-dr-marc-berges\/\"><span class=\"displayname\" itemprop=\"name\"><abbr title=\"Professor Doktor\" itemprop=\"honorificPrefix\">Prof. Dr.<\/abbr> <span class=\"namepart\"><span itemprop=\"givenName\">Marc-Pascal<\/span> <span itemprop=\"familyName\">Berges<\/span><\/span><\/span><\/a><\/h1>\n<p class=\"jobtitle\">Professorinnen und Professoren<\/p>\n<\/header>\n<div class=\"profile-details\">\n<div class=\"profile-contact icon icon-list\">\n<h2 class=\"screen-reader-text\">Kontakt<\/h2>\n<ul class=\"list-icons\">\n<li class=\"email listcontent\"><span class=\"value\"><span class=\"screen-reader-text\">E-Mail: <\/span><a itemprop=\"email\" href=\"mailto:marc.berges@fau.de\">marc.berges@fau.de<\/a><\/span><\/li>\n<li class=\"phone listcontent\"><span class=\"value\"><span class=\"screen-reader-text\">Telefon: <\/span><a itemprop=\"telephone\" href=\"tel:+4991318527922\">+49 9131 85-27922<\/a><\/span><\/li>\n<\/ul>\n<\/div>\n<\/div>\n<\/section>\n<\/div>\n<\/div>\n<\/div>\n<p class=\"abstract\">\n<p>KI wird unsere Wirtschaft, aber auch Gesellschaft, Politik, und alle Lebensbereiche des Menschen in den n\u00e4chsten Jahrzehnten entscheidend pr\u00e4gen und ver\u00e4ndern. Schon heute beeinflusst KI unseren Alltag, von Sprachassistenten \u00fcber k\u00fcnstliche Prothesen bis zu Kreditvergabe-Kriterien. Im Gegensatz dazu steht der geringe Wissensstand in der Gesellschaft, aber auch an Schulen und Hochschulen. Meist dominieren polarisierende Sichtweisen zwischen \u201eWeltuntergangsszenario\u201c und \u201eAllheilmittel\u201c f\u00fcr alle Probleme der Menschheit. Dies wird zunehmend zum Problem, da der Umgang mit KI immer dr\u00e4ngender politische und ethische Entscheidungen erfordert und entsprechende Sachkenntnis voraussetzt.<\/p>\n<p>Das Schulmuseum N\u00fcrnberg ist bekannt f\u00fcr die Entwicklung von Lernlaboren (v.a. Mathelier und Matheland). Gemeinsam mit der Professur f\u00fcr Didaktik der Informatik (Prof. Dr. Marc Berges) und dem Lehrstuhl f\u00fcr Informatik 3 (Rechnerarchitektur, Prof. Dr.-Ing. Dietmar Fey) der FAU werden seit Oktober 2020 ein neuartiges Lernarrangement entwickelt, gebaut und beforscht: einem Lernlabor zum Thema K\u00fcnstliche Intelligenz.<\/p>\n<p>Durch das Lernlabor, das kostenfrei an Schulen und Ausbildungseinrichtungen in der Metropolregion N\u00fcrnberg verliehen wird, soll in besonders intensiver und nachhaltiger Form Wissen \u00fcber KI an Sch\u00fcler*innen vermittelt werden.<\/p>\n<p>Zielgruppe ist die 7. bis 12. Jahrgangsstufe, von Mittelschulen, Realschulen und Gymnasien sowie Berufsschulen. Das Projekt bietet zugleich die M\u00f6glichkeit mit gro\u00dfer Reichweite (Metropolregion) f\u00fcr die FAU und insbesondere f\u00fcr die entsprechenden Studieng\u00e4nge\u00a0 zu werben \u2013 nicht zuletzt mit Blick auf den dr\u00e4ngenden Fachkr\u00e4ftemangel und den beschleunigten technologischen Fortschritt.<\/p>\n<p>Gef\u00f6rdert wir das Projekt von der Zukunftsstiftung der Sparkasse, der Joachim Herz Stiftung, dem Universit\u00e4tsbund, dem Innovationsfond Lehre und der Siemens AG. Weitere F\u00f6rderer und Partner werden derzeit noch gesucht.<\/p>\n<\/p>\n<p>&#8594; <a href=\"https:\/\/cris.fau.de\/projects\/243886681?lang=de_DE\">More information<\/a> <\/p>\n<\/div>\n<\/div>\n<\/div>\n<\/div>\n\n<p>&nbsp;<\/p>\n","protected":false},"excerpt":{"rendered":"<p>[person id=&#8221;3294&#8243; format=&#8221;page&#8221; show=&#8221;raum&#8221;] Lectures Publications Projects &nbsp;<\/p>\n","protected":false},"author":3999,"featured_media":0,"parent":4003,"menu_order":0,"comment_status":"closed","ping_status":"closed","template":"page-templates\/page-subnav.php","meta":{"_rrze_cache":"enabled","_rrze_multilang_single_locale":"en_US","_rrze_multilang_single_source":"https:\/\/www.ddi.tf.fau.de\/?page_id=3452","footnotes":""},"page_category":[],"page_tag":[],"workflow_usergroup":[],"class_list":["post-4103","page","type-page","status-publish","hentry","en-US"],"_links":{"self":[{"href":"https:\/\/www.ddi.tf.fau.de\/wp-json\/wp\/v2\/pages\/4103","targetHints":{"allow":["GET"]}}],"collection":[{"href":"https:\/\/www.ddi.tf.fau.de\/wp-json\/wp\/v2\/pages"}],"about":[{"href":"https:\/\/www.ddi.tf.fau.de\/wp-json\/wp\/v2\/types\/page"}],"author":[{"embeddable":true,"href":"https:\/\/www.ddi.tf.fau.de\/wp-json\/wp\/v2\/users\/3999"}],"replies":[{"embeddable":true,"href":"https:\/\/www.ddi.tf.fau.de\/wp-json\/wp\/v2\/comments?post=4103"}],"version-history":[{"count":1,"href":"https:\/\/www.ddi.tf.fau.de\/wp-json\/wp\/v2\/pages\/4103\/revisions"}],"predecessor-version":[{"id":4106,"href":"https:\/\/www.ddi.tf.fau.de\/wp-json\/wp\/v2\/pages\/4103\/revisions\/4106"}],"up":[{"embeddable":true,"href":"https:\/\/www.ddi.tf.fau.de\/wp-json\/wp\/v2\/pages\/4003"}],"wp:attachment":[{"href":"https:\/\/www.ddi.tf.fau.de\/wp-json\/wp\/v2\/media?parent=4103"}],"wp:term":[{"taxonomy":"page_category","embeddable":true,"href":"https:\/\/www.ddi.tf.fau.de\/wp-json\/wp\/v2\/page_category?post=4103"},{"taxonomy":"page_tag","embeddable":true,"href":"https:\/\/www.ddi.tf.fau.de\/wp-json\/wp\/v2\/page_tag?post=4103"},{"taxonomy":"workflow_usergroup","embeddable":true,"href":"https:\/\/www.ddi.tf.fau.de\/wp-json\/wp\/v2\/workflow_usergroup?post=4103"}],"curies":[{"name":"wp","href":"https:\/\/api.w.org\/{rel}","templated":true}]}}